{"id":14100,"date":"2020-03-20T17:15:06","date_gmt":"2020-03-20T16:15:06","guid":{"rendered":"https:\/\/hohenzollernhotel.de\/?page_id=14100"},"modified":"2023-03-28T15:12:04","modified_gmt":"2023-03-28T13:12:04","slug":"data-privacy","status":"publish","type":"page","link":"https:\/\/hohenzollernhotel.de\/en\/data-privacy\/","title":{"rendered":"Data Privacy"},"content":{"rendered":"<div class=\"wpb-content-wrapper\"><p>[vc_row heading_color=\u201clight\u201d bg_type=\u201ccolor\u201d bg_color=\u201c#171d24\u201d][vc_column]<\/p><h3 class=\"grve-element grve-title grve-align-left grve-h3\" style><span>Data Privacy<\/span><\/h3>[\/vc_column][\/vc_row][vc_row heading_color=\u201clight\u201d bg_type=\u201ccolor\u201d columns_gap=\u201c60\u201d bg_color=\u201c#171d24\u201d font_color=\u201d#ffffff\u201d el_class=\u201clink-dark\u201d][vc_column width=\u201c1\/2\u201d][vc_column_text]Danke f\u00fcr Ihr Interesse an unserem Unter\u00adnehmen. Nach\u00adfolgend finden Sie Infor\u00adma\u00adtionen \u00fcber den Umgang mit Ihren per\u00adso\u00adnen\u00adbe\u00adzo\u00adgenen Daten gem. Art. 13 Daten\u00adschutz\u00adgrund\u00adver\u00adordnung (DSGVO) beim Besuch unserer Website. Per\u00adso\u00adnen\u00adbe\u00adzogene Daten (Nachname, Vorname, E\u2011Mail-Adresse), die Sie unter \u201eKontakt\u201c ein\u00adgeben, werden nicht zu Wer\u00adbe\u00adzwecken an Dritte wei\u00adter\u00adge\u00adgeben. Sie werden nur zur Bear\u00adbeitung Ihrer Anfrage gespei\u00adchert und nur dann wei\u00adter\u00adge\u00adgeben, wenn dies die Bear\u00adbeitung Ihrer Anfrage erfordert. Die Daten ver\u00adwenden wir aus\u00adschlie\u00dflich, um Ihre Anfrage zu bear\u00adbeiten und zu beantworten.\n<p>Unser Inter\u00adnet\u00adser\u00advice\u00adpro\u00advider sammelt zus\u00e4tzlich bei Ihrem Besuch in Log\u00adfiles fol\u00adgende Daten: den Namen Ihres Inter\u00adnet\u00adser\u00advice\u00adpro\u00adviders, die IP-Adresse sowie die Inter\u00adnet\u00adseite, von der Sie auf unsere Seite gekommen sind, au\u00dferdem Datum, Uhrzeit und Dauer Ihres Besuches und die Inter\u00adnet\u00adseiten, die Sie bei uns besucht haben. Ein Per\u00adso\u00adnen\u00adbezug wird dabei nicht her\u00adge\u00adstellt, die Daten dienen aus\u00adschlie\u00dflich sta\u00adtis\u00adti\u00adschen Zwecken.<\/p>\n<p><strong>VERWENDUNG VON COOKIES<\/strong><\/p>\n<p>F\u00fcr die Opti\u00admierung der Anzeige und der Benutzung unserer Website ver\u00adwenden wir Cookies. Das sind Text\u00adin\u00adfor\u00adma\u00adtionen, die beim Besuch der Website \u00fcber den Browser auf einem Com\u00adputer gespei\u00adchert werden. Diese Daten werden von uns nicht aus\u00adge\u00adwertet. Die meisten Web\u00adbrowser akzep\u00adtieren Cookies auto\u00adma\u00adtisch. Cookies k\u00f6nnen Sie jederzeit \u00fcber die Ein\u00adstel\u00adlungen Ihres Web\u00adbrowsers l\u00f6schen. Sie k\u00f6nnen Cookies aber auch blo\u00adckieren, indem Sie bestimmte Ein\u00adstel\u00adlungen in Ihrem Inter\u00adnet\u00adbrowser vor\u00adnehmen. In diesem Fall sind unter Umst\u00e4nden nicht alle Funk\u00adtionen unserer Website f\u00fcr Sie verf\u00fcgbar.<\/p>\n<p><strong>BUTTONS MIT LINKS ZU SOZIALEN NETZWERKEN<\/strong><\/p>\n<p>Durch die Buttons mit Links zu unseren Auf\u00adtritten bei Facebook, Google+, Xing, Lin\u00adkedIn und Twitter werden keine Daten zu den Netz\u00adwerken \u00fcber\u00adtragen. Sobald Sie jedoch die Buttons anklicken, ver\u00adlassen Sie unsere Inter\u00adnet\u00adseite und befinden sich auf den Inter\u00adnet\u00adseiten der aus\u00adge\u00adw\u00e4hlten sozialen Netz\u00adwerke. Ent\u00adspre\u00adchend gelten die Daten\u00adschutz\u00ader\u00adkl\u00e4\u00adrungen der jewei\u00adligen sozialen Netz\u00adwerke, f\u00fcr die wir keine Ver\u00adant\u00adwortung \u00fcber\u00adnehmen. Ent\u00adspre\u00adchend Ihrer Browser-Ein\u00adstellung werden auf diesen Seiten per\u00adso\u00adnen\u00adbe\u00adzogene Daten von Ihnen gesammelt. Auf unseren Inter\u00adnet\u00adseiten ver\u00adzichten wir auf \u201eGef\u00e4llt-mir-Buttons\u201c von Facebook, um zu ver\u00admeiden, dass diese bereits Daten \u00fcber Sie sammeln, bevor Sie diese Buttons \u00fcber\u00adhaupt ange\u00adklickt haben. Wir freuen uns, wenn Sie uns ein \u201eLike\u201c geben m\u00f6chten. Daf\u00fcr klicken Sie bitte auf den Button mit dem Link zu Facebook und bet\u00e4\u00adtigen dort den \u201eGef\u00e4llt-mir-Button\u201c. Aus daten\u00adschutz\u00adrecht\u00adlichen Gr\u00fcnden ver\u00adzichten wir auf die Inte\u00adgration von Social Media Scripts, weil im Hin\u00adter\u00adgrund soziale Tracking-Dienst-Methoden ver\u00adwendet werden. Damit Sie bei\u00adspiels\u00adweise Bei\u00adtr\u00e4ge in unserem Blog mit \u201egef\u00e4llt mir\u201c mar\u00adkieren k\u00f6nnen oder diese teilen k\u00f6nnen, haben wir ent\u00adspre\u00adchende \u201eTeilen\u201c-Buttons f\u00fcr Facebook, Twitter und Google+ ein\u00adgef\u00fcgt. Falls Sie einen der Buttons anklicken, erhalten Sie den Hinweis, dass die sozialen Medien Analyse-Scripts im Hin\u00adter\u00adgrund laden, um das Nut\u00adzer\u00adver\u00adhalten zu erfassen. Der Beitrag wird erst geteilt und ent\u00adspre\u00adchende Skripte geladen, wenn Sie dem zustimmen.<\/p>\n<p><strong>EINSATZ VON GOOGLE ANALYTICS<\/strong><\/p>\n<p>Wir benutzen Google Ana\u00adlytics, um die Nutzung unserer Website ana\u00adly\u00adsieren und ver\u00adbessern zu k\u00f6nnen. Die Daten\u00adver\u00adar\u00adbeitung erfolgt auf Grundlage von Art. 6 Abs. 1 DSGVO. Google Ana\u00adlytics ist ein Web\u00adana\u00adly\u00adse\u00addienst der Google Inc. und ver\u00adwendet sog. \u201eCookies\u201c, also Text\u00adda\u00adteien, die auf Ihrem Com\u00adputer gespei\u00adchert werden und die eine Analyse der Benutzung der Website durch Sie erm\u00f6g\u00adlichen. Die durch das Cookie erzeugten Infor\u00adma\u00adtionen \u00fcber Ihre Benutzung dieser Website werden in der Regel an einen Server von Google in den USA \u00fcber\u00adtragen und dort gespei\u00adchert. Im Fall der Akti\u00advierung der IP-Anony\u00admi\u00adsierung auf dieser Website, wird Ihre IP-Adresse an einen Server von Google in den USA \u00fcber\u00adtragen und dort zuvor gek\u00fcrzt. In Aus\u00adnah\u00adme\u00adf\u00e4llen wird die volle IP-Adresse an einen Server von Google in den USA \u00fcber\u00adtragen und dort gek\u00fcrzt. Im Auftrag des Betreibers dieser Website wird Google diese Infor\u00adma\u00adtionen benutzen, um den Besuch auf der Website aus\u00adzu\u00adwerten, um Reports \u00fcber die Web\u00adsite\u00adak\u00adti\u00advi\u00adt\u00e4ten zusam\u00admen\u00adzu\u00adstellen und um weitere mit der Web\u00adsite\u00adnutzung und der Inter\u00adnet\u00adnutzung ver\u00adbundene Dienst\u00adleis\u00adtungen gegen\u00fcber dem Web\u00adsite\u00adbe\u00adtreiber zu erbringen. Die im Rahmen von Google Ana\u00adlytics von Ihrem Browser \u00fcber\u00admit\u00adtelte IP-Adresse wird nicht mit anderen Daten von Google zusam\u00admen\u00adge\u00adf\u00fchrt. Die Spei\u00adcherung der Cookies k\u00f6nnen Sie durch eine ent\u00adspre\u00adchende Ein\u00adstellung Ihrer Browser-Software ver\u00adhindern. Es besteht jedoch die M\u00f6g\u00adlichkeit, dass Sie in diesem Fall gege\u00adbe\u00adnen\u00adfalls nicht s\u00e4mt\u00adliche Funk\u00adtionen dieser Website voll\u00adum\u00adf\u00e4nglich nutzen k\u00f6nnen. Sie k\u00f6nnen die Erfassung der durch das Cookie erzeugten und auf Ihre Nutzung der Website bezo\u00adgenen Daten (inkl. Ihrer IP-Adresse) an Google sowie die Ver\u00adar\u00adbeitung dieser Daten durch Google ver\u00adhindern, indem Sie ver\u00adf\u00fcgbare Browser-Plugin her\u00adun\u00adter\u00adladen und instal\u00adlieren. Link (<a class=\"external-link\" href=\"http:\/\/tools.google.com\/dlpage\/gaoptout?hl=de\" target=\"_blank\" rel=\"noopener noreferrer\" data-uuid=\"f687eec8-6c7f-48c5-bc14-1b72711e5232\">http:\/\/tools.google.com\/dlpage\/gaoptout?hl=de<\/a>) Die Erfassung durch Google Ana\u00adlytics k\u00f6nnen Sie ver\u00adhindern, indem Sie auf den gr\u00fcnen Button \u201eAna\u00adlytics Ein\u00adstel\u00adlungen\u201c klicken. Dort k\u00f6nnen Sie w\u00e4hlen, ob Sie Google Ana\u00adlytics zulassen, deak\u00adti\u00advieren oder ein\u00admalig zulassen. Im Falle, dass Sie Google Ana\u00adlytics dort deak\u00adti\u00advieren, wird ein Opt-Out-Cookie gesetzt, das die zuk\u00fcnftige Erfassung Ihrer Daten beim Besuch dieser Website verhindert.N\u00e4here Infor\u00adma\u00adtionen zu Nut\u00adzungs\u00adbe\u00addin\u00adgungen und Daten\u00adschutz von Google finden Sie unter:<a class=\"external-link\" href=\"http:\/\/www.google.com\/analytics\/terms\/de.html\" target=\"_blank\" rel=\"noopener noreferrer\" data-uuid=\"a4f0dbc4-3e0c-4a35-b4c1-24377957a709\">www.google.com\/analytics\/terms\/de.html<\/a><a class=\"external-link\" href=\"http:\/\/www.google.de\/intl\/de\/policies\/\" target=\"_blank\" rel=\"noopener noreferrer\" data-uuid=\"fc36213d-4c64-4495-a95f-b09765d4b54b\">www.google.de\/intl\/de\/policies\/<\/a>[\/vc_column_text][\/vc_column][vc_column width=\u201c1\/2\u201d][vc_column_text]<strong>NUTZUNG VON ADOBE&nbsp;TYPE<\/strong><\/p>\n<p>Durch die Ver\u00adwendung von Website Typekit Fonts auf unserer Website k\u00f6nnen wir bestimmte Schrift\u00adarten verwenden.<\/p>\n<p>Wie ver\u00adwendet der Dienst \u201eAdobe Fonts\u201c f\u00fcr Web\u00adsites Cookies?<br>\nBei der Bereit\u00adstellung der Adobe Fonts-Website (fonts.adobe.com) ver\u00adwenden wir Cookies gem\u00e4\u00df unserer Datenschutzerkl\u00e4rung.<br>\nIm Zuge der Bereit\u00adstellung des Diensts \u201eAdobe Fonts\u201c f\u00fcr Web\u00adsites plat\u00adzieren oder ver\u00adwenden wir keine Cookies auf Web\u00adsites, um unsere Schriften bereitzustellen.<\/p>\n<p>Welche Infor\u00adma\u00adtionen werden vom Dienst \u201eAdobe Fonts\u201c f\u00fcr Web\u00adsites erfasst?<br>\nZur Bereit\u00adstellung des Diensts \u201eAdobe Fonts\u201c f\u00fcr Web\u00adsites kann Adobe Infor\u00adma\u00adtionen \u00fcber die Schriften bzw. Schrift\u00adarten erfassen, die f\u00fcr Ihre Website bereit\u00adge\u00adstellt werden. Die Infor\u00adma\u00adtionen werden zur Abrechnung und Ein\u00adhaltung von Vor\u00adschriften ver\u00adwendet und k\u00f6nnen Fol\u00adgendes umfassen:<\/p>\n<ul>\n<li>bereit\u00adge\u00adstellte Schriften<\/li>\n<li>ID des Webprojekts<\/li>\n<li>Java\u00adScript-Version des Web\u00adpro\u00adjekts (String)<\/li>\n<li>Art des Web\u00adpro\u00adjekts (String \u201econ\u00adfi\u00adgurable\u201c oder \u201edynamic\u201c)<\/li>\n<li>Ein\u00adbet\u00adtungstyp (ob Sie den Java\u00adScript- oder CSS-Ein\u00adbet\u00adtungscode verwenden)<\/li>\n<li>Konto-ID (iden\u00adti\u00adfi\u00adziert den Kunden, von dem das Web\u00adprojekt stammt)<\/li>\n<li>Dienst, der die Schrift\u00adarten bereit\u00adstellt (z. B. Adobe&nbsp;Fonts)<\/li>\n<li>Server, der die Schrift\u00adarten bereit\u00adstellt (z. B. Server von Adobe Fonts oder Unternehmens-CDN)<\/li>\n<li>Hostname der Seite, auf der die Schriften geladen werden<\/li>\n<\/ul>\n<p>Wie ver\u00adwendet der Dienst \u201eAdobe Fonts\u201c f\u00fcr Web\u00adsites die von ihm erfassten Informationen?<br>\nAdobe ver\u00adwendet die von Web\u00adsites, die Adobe Fonts nutzen, erfassten Infor\u00adma\u00adtionen, um den Dienst \u201eAdobe Fonts\u201c bereit\u00adzu\u00adstellen und Liefer- oder Download-Pro\u00adbleme zu dia\u00adgnos\u00adti\u00adzieren. Diese Infor\u00adma\u00adtionen werden auch genutzt, um die Ver\u00adtr\u00e4ge von Adobe mit den Schrif\u00adten\u00adher\u00adstellern, deren Schriften ver\u00adwendet werden, zu bezahlen und zu erf\u00fcllen. Wir teilen agg\u00adre\u00adgierte Berichte mit Schrif\u00adten\u00adher\u00adstellern und best\u00e4\u00adtigen m\u00f6g\u00adli\u00adcher\u00adweise einem Schrif\u00adten\u00adher\u00adsteller gegen\u00fcber, dass Sie \u00fcber eine g\u00fcltige Lizenz von Adobe ver\u00adf\u00fcgen, geben aber ander\u00adweitig Ihre per\u00adso\u00adnen\u00adbe\u00adzo\u00adgenen Infor\u00adma\u00adtionen nicht an Schrif\u00adten\u00adher\u00adsteller weiter.<\/p>\n<p>Adobe nimmt an dem EU-US-Privacy Shield teil: www.privacyshield.gov\/EU-US-frameworkhttp:\/\/www.privacyshield.gov\/EU-US-Framework<\/p>\n<p><strong>RECHTSGRUNDLAGEN<\/strong><\/p>\n<p>Rechts\u00adgrundlage f\u00fcr die Daten\u00adver\u00adar\u00adbeitung auf dieser Inter\u00adnet\u00adseite ist die EU-Daten\u00adschutz-Grund\u00adver\u00adordnung. Die Daten werden nur so lange gespei\u00adchert, wie dies f\u00fcr die oben genannten Zwecke erfor\u00adderlich ist oder gesetz\u00adliche Vor\u00adgaben dies fordern.<\/p>\n<p><strong>ANFRAGEN<\/strong><\/p>\n<p>Auf\u00adsichts\u00adbe\u00adh\u00f6rden sind die Lan\u00addes\u00adbe\u00adauf\u00adtragten f\u00fcr Daten\u00adschutz. An die k\u00f6nnen Sie sich wenden, wenn Sie bei uns Unre\u00adgel\u00adm\u00e4\u00ad\u00dfig\u00adkeiten im Daten\u00adschutz ver\u00admuten. Sie k\u00f6nnen sich auch direkt an unseren Daten\u00adschutz\u00adbe\u00adauf\u00adtragten wenden.<\/p>\n<p>Ent\u00adspre\u00adchend dem gel\u00adtenden Aus\u00adkunfts\u00adrecht gem. Art. 15 DSGVO teilen wir Ihnen auf Anfrage gerne mit, ob und welche per\u00ads\u00f6n\u00adlichen Daten wir \u00fcber Sie bei uns gespei\u00adchert haben. Sie haben das Recht, unver\u00adz\u00fcglich die Berich\u00adtigung Sie betref\u00adfender unrich\u00adtiger per\u00adso\u00adnen\u00adbe\u00adzo\u00adgener Daten zu ver\u00adlangen. Sie haben zudem das Recht, zu ver\u00adlangen, dass Sie betref\u00adfende per\u00adso\u00adnen\u00adbe\u00adzogene Daten unver\u00adz\u00fcglich gel\u00f6scht werden (gem. Art. 16 und 17&nbsp;DSGVO).<\/p>\n<p>F\u00fcr Aus\u00adk\u00fcnfte oder Anre\u00adgungen zum Thema Daten\u00adschutz steht Ihnen unser Daten\u00adschutz\u00adbe\u00adauf\u00adtragter gern zur Verf\u00fcgung:<\/p>\n<p><a class=\"link-1 external-link\" href=\"mailto:datenschutz@quest-investment.com\" target rel=\"noopener noreferrer\" data-uuid=\"73abc654-2347-4820-8603-8d0440139dfb\" data-mce-class=\"link-1\">datenschutz@quest-investment.com<\/a>[\/vc_column_text][\/vc_column][\/vc_row]<\/p>\n<\/div>","protected":false},"excerpt":{"rendered":"<p>[vc_row heading_color=\u201clight\u201d bg_type=\u201ccolor\u201d bg_color=\u201c#171d24\u201d][vc_column][\/vc_column][\/vc_row][vc_row heading_color=\u201clight\u201d bg_type=\u201ccolor\u201d columns_gap=\u201c60\u201d bg_color=\u201c#171d24\u201d font_color=\u201d#ffffff\u201d el_class=\u201clink-dark\u201d][vc_column width=\u201c1\/2\u201d][vc_column_text]Danke f\u00fcr Ihr Interesse an unserem Unter\u00adnehmen. Nach\u00adfolgend finden Sie Infor\u00adma\u00adtionen \u00fcber den Umgang mit Ihren per\u00adso\u00adnen\u00adbe\u00adzo\u00adgenen Daten gem. Art. 13 Daten\u00adschutz\u00adgrund\u00adver\u00adordnung (DSGVO) beim Besuch unserer Website. Per\u00adso\u00adnen\u00adbe\u00adzogene Daten (Nachname, Vorname, E\u2011Mail-Adresse), die Sie unter \u201eKontakt\u201c ein\u00adgeben, werden nicht zu Wer\u00adbe\u00adzwecken an Dritte wei\u00adter\u00adge\u00adgeben. Sie&nbsp;[\u2026]<\/p>\n","protected":false},"author":1,"featured_media":0,"parent":0,"menu_order":0,"comment_status":"closed","ping_status":"open","template":"","meta":{"wp_typography_post_enhancements_disabled":false,"footnotes":""},"class_list":["post-14100","page","type-page","status-publish","hentry"],"yoast_head":"<!-- This site is optimized with the Yoast SEO plugin v26.7 - https:\/\/yoast.com\/wordpress\/plugins\/seo\/ -->\n<title>Data Privacy - Hotel Hohenzollern<\/title>\n<meta name=\"robots\" content=\"index, follow, max-snippet:-1, max-image-preview:large, max-video-preview:-1\" \/>\n<link rel=\"canonical\" href=\"https:\/\/hohenzollernhotel.de\/en\/data-privacy\/\" \/>\n<meta property=\"og:locale\" content=\"en_US\" \/>\n<meta property=\"og:type\" content=\"article\" \/>\n<meta property=\"og:title\" content=\"Data Privacy - Hotel Hohenzollern\" \/>\n<meta property=\"og:description\" content=\"[vc_row heading_color=\u201clight\u201d bg_type=\u201ccolor\u201d bg_color=\u201c#171d24\u201d][vc_column][\/vc_column][\/vc_row][vc_row heading_color=\u201clight\u201d bg_type=\u201ccolor\u201d columns_gap=\u201c60\u201d bg_color=\u201c#171d24\u201d font_color=\u201d#ffffff\u201d el_class=\u201clink-dark\u201d][vc_column width=\u201c1\/2\u201d][vc_column_text]Danke f\u00fcr Ihr Interesse an unserem Unter\u00adnehmen. Nach\u00adfolgend finden Sie Infor\u00adma\u00adtionen \u00fcber den Umgang mit Ihren per\u00adso\u00adnen\u00adbe\u00adzo\u00adgenen Daten gem. Art. 13 Daten\u00adschutz\u00adgrund\u00adver\u00adordnung (DSGVO) beim Besuch unserer Website. Per\u00adso\u00adnen\u00adbe\u00adzogene Daten (Nachname, Vorname, E\u2011Mail-Adresse), die Sie unter \u201eKontakt\u201c ein\u00adgeben, werden nicht zu Wer\u00adbe\u00adzwecken an Dritte wei\u00adter\u00adge\u00adgeben. Sie [&hellip;]\" \/>\n<meta property=\"og:url\" content=\"https:\/\/hohenzollernhotel.de\/en\/data-privacy\/\" \/>\n<meta property=\"og:site_name\" content=\"Hotel Hohenzollern\" \/>\n<meta property=\"article:modified_time\" content=\"2023-03-28T13:12:04+00:00\" \/>\n<meta name=\"twitter:card\" content=\"summary_large_image\" \/>\n<meta name=\"twitter:label1\" content=\"Est. reading time\" \/>\n\t<meta name=\"twitter:data1\" content=\"6 minutes\" \/>\n<script type=\"application\/ld+json\" class=\"yoast-schema-graph\">{\"@context\":\"https:\/\/schema.org\",\"@graph\":[{\"@type\":\"WebPage\",\"@id\":\"https:\/\/hohenzollernhotel.de\/en\/data-privacy\/\",\"url\":\"https:\/\/hohenzollernhotel.de\/en\/data-privacy\/\",\"name\":\"Data Privacy - Hotel Hohenzollern\",\"isPartOf\":{\"@id\":\"https:\/\/hohenzollernhotel.de\/#website\"},\"datePublished\":\"2020-03-20T16:15:06+00:00\",\"dateModified\":\"2023-03-28T13:12:04+00:00\",\"breadcrumb\":{\"@id\":\"https:\/\/hohenzollernhotel.de\/en\/data-privacy\/#breadcrumb\"},\"inLanguage\":\"en-US\",\"potentialAction\":[{\"@type\":\"ReadAction\",\"target\":[\"https:\/\/hohenzollernhotel.de\/en\/data-privacy\/\"]}]},{\"@type\":\"BreadcrumbList\",\"@id\":\"https:\/\/hohenzollernhotel.de\/en\/data-privacy\/#breadcrumb\",\"itemListElement\":[{\"@type\":\"ListItem\",\"position\":1,\"name\":\"Startseite\",\"item\":\"https:\/\/hohenzollernhotel.de\/en\/\"},{\"@type\":\"ListItem\",\"position\":2,\"name\":\"Data Privacy\"}]},{\"@type\":\"WebSite\",\"@id\":\"https:\/\/hohenzollernhotel.de\/#website\",\"url\":\"https:\/\/hohenzollernhotel.de\/\",\"name\":\"Hotel Hohenzollern\",\"description\":\"Office Building \u2013 Frankfurt am Main\",\"publisher\":{\"@id\":\"https:\/\/hohenzollernhotel.de\/#organization\"},\"potentialAction\":[{\"@type\":\"SearchAction\",\"target\":{\"@type\":\"EntryPoint\",\"urlTemplate\":\"https:\/\/hohenzollernhotel.de\/?s={search_term_string}\"},\"query-input\":{\"@type\":\"PropertyValueSpecification\",\"valueRequired\":true,\"valueName\":\"search_term_string\"}}],\"inLanguage\":\"en-US\"},{\"@type\":\"Organization\",\"@id\":\"https:\/\/hohenzollernhotel.de\/#organization\",\"name\":\"Hotel Hohenzollern\",\"url\":\"https:\/\/hohenzollernhotel.de\/\",\"logo\":{\"@type\":\"ImageObject\",\"inLanguage\":\"en-US\",\"@id\":\"https:\/\/hohenzollernhotel.de\/#\/schema\/logo\/image\/\",\"url\":\"https:\/\/hohenzollernhotel.de\/wp-content\/uploads\/2019\/11\/191111-Hotel-Hohenzollern-Logo-Sticky-Header-dark_angepasste_Hoehe.svg\",\"contentUrl\":\"https:\/\/hohenzollernhotel.de\/wp-content\/uploads\/2019\/11\/191111-Hotel-Hohenzollern-Logo-Sticky-Header-dark_angepasste_Hoehe.svg\",\"width\":554,\"height\":275,\"caption\":\"Hotel Hohenzollern\"},\"image\":{\"@id\":\"https:\/\/hohenzollernhotel.de\/#\/schema\/logo\/image\/\"}}]}<\/script>\n<!-- \/ Yoast SEO plugin. -->","yoast_head_json":{"title":"Data Privacy - Hotel Hohenzollern","robots":{"index":"index","follow":"follow","max-snippet":"max-snippet:-1","max-image-preview":"max-image-preview:large","max-video-preview":"max-video-preview:-1"},"canonical":"https:\/\/hohenzollernhotel.de\/en\/data-privacy\/","og_locale":"en_US","og_type":"article","og_title":"Data Privacy - Hotel Hohenzollern","og_description":"[vc_row heading_color=\u201clight\u201d bg_type=\u201ccolor\u201d bg_color=\u201c#171d24\u201d][vc_column][\/vc_column][\/vc_row][vc_row heading_color=\u201clight\u201d bg_type=\u201ccolor\u201d columns_gap=\u201c60\u201d bg_color=\u201c#171d24\u201d font_color=\u201d#ffffff\u201d el_class=\u201clink-dark\u201d][vc_column width=\u201c1\/2\u201d][vc_column_text]Danke f\u00fcr Ihr Interesse an unserem Unter\u00adnehmen. Nach\u00adfolgend finden Sie Infor\u00adma\u00adtionen \u00fcber den Umgang mit Ihren per\u00adso\u00adnen\u00adbe\u00adzo\u00adgenen Daten gem. Art. 13 Daten\u00adschutz\u00adgrund\u00adver\u00adordnung (DSGVO) beim Besuch unserer Website. Per\u00adso\u00adnen\u00adbe\u00adzogene Daten (Nachname, Vorname, E\u2011Mail-Adresse), die Sie unter \u201eKontakt\u201c ein\u00adgeben, werden nicht zu Wer\u00adbe\u00adzwecken an Dritte wei\u00adter\u00adge\u00adgeben. Sie [&hellip;]","og_url":"https:\/\/hohenzollernhotel.de\/en\/data-privacy\/","og_site_name":"Hotel Hohenzollern","article_modified_time":"2023-03-28T13:12:04+00:00","twitter_card":"summary_large_image","twitter_misc":{"Est. reading time":"6 minutes"},"schema":{"@context":"https:\/\/schema.org","@graph":[{"@type":"WebPage","@id":"https:\/\/hohenzollernhotel.de\/en\/data-privacy\/","url":"https:\/\/hohenzollernhotel.de\/en\/data-privacy\/","name":"Data Privacy - Hotel Hohenzollern","isPartOf":{"@id":"https:\/\/hohenzollernhotel.de\/#website"},"datePublished":"2020-03-20T16:15:06+00:00","dateModified":"2023-03-28T13:12:04+00:00","breadcrumb":{"@id":"https:\/\/hohenzollernhotel.de\/en\/data-privacy\/#breadcrumb"},"inLanguage":"en-US","potentialAction":[{"@type":"ReadAction","target":["https:\/\/hohenzollernhotel.de\/en\/data-privacy\/"]}]},{"@type":"BreadcrumbList","@id":"https:\/\/hohenzollernhotel.de\/en\/data-privacy\/#breadcrumb","itemListElement":[{"@type":"ListItem","position":1,"name":"Startseite","item":"https:\/\/hohenzollernhotel.de\/en\/"},{"@type":"ListItem","position":2,"name":"Data Privacy"}]},{"@type":"WebSite","@id":"https:\/\/hohenzollernhotel.de\/#website","url":"https:\/\/hohenzollernhotel.de\/","name":"Hotel Hohenzollern","description":"Office Building \u2013 Frankfurt am Main","publisher":{"@id":"https:\/\/hohenzollernhotel.de\/#organization"},"potentialAction":[{"@type":"SearchAction","target":{"@type":"EntryPoint","urlTemplate":"https:\/\/hohenzollernhotel.de\/?s={search_term_string}"},"query-input":{"@type":"PropertyValueSpecification","valueRequired":true,"valueName":"search_term_string"}}],"inLanguage":"en-US"},{"@type":"Organization","@id":"https:\/\/hohenzollernhotel.de\/#organization","name":"Hotel Hohenzollern","url":"https:\/\/hohenzollernhotel.de\/","logo":{"@type":"ImageObject","inLanguage":"en-US","@id":"https:\/\/hohenzollernhotel.de\/#\/schema\/logo\/image\/","url":"https:\/\/hohenzollernhotel.de\/wp-content\/uploads\/2019\/11\/191111-Hotel-Hohenzollern-Logo-Sticky-Header-dark_angepasste_Hoehe.svg","contentUrl":"https:\/\/hohenzollernhotel.de\/wp-content\/uploads\/2019\/11\/191111-Hotel-Hohenzollern-Logo-Sticky-Header-dark_angepasste_Hoehe.svg","width":554,"height":275,"caption":"Hotel Hohenzollern"},"image":{"@id":"https:\/\/hohenzollernhotel.de\/#\/schema\/logo\/image\/"}}]}},"_links":{"self":[{"href":"https:\/\/hohenzollernhotel.de\/en\/wp-json\/wp\/v2\/pages\/14100","targetHints":{"allow":["GET"]}}],"collection":[{"href":"https:\/\/hohenzollernhotel.de\/en\/wp-json\/wp\/v2\/pages"}],"about":[{"href":"https:\/\/hohenzollernhotel.de\/en\/wp-json\/wp\/v2\/types\/page"}],"author":[{"embeddable":true,"href":"https:\/\/hohenzollernhotel.de\/en\/wp-json\/wp\/v2\/users\/1"}],"replies":[{"embeddable":true,"href":"https:\/\/hohenzollernhotel.de\/en\/wp-json\/wp\/v2\/comments?post=14100"}],"version-history":[{"count":3,"href":"https:\/\/hohenzollernhotel.de\/en\/wp-json\/wp\/v2\/pages\/14100\/revisions"}],"predecessor-version":[{"id":14157,"href":"https:\/\/hohenzollernhotel.de\/en\/wp-json\/wp\/v2\/pages\/14100\/revisions\/14157"}],"wp:attachment":[{"href":"https:\/\/hohenzollernhotel.de\/en\/wp-json\/wp\/v2\/media?parent=14100"}],"curies":[{"name":"wp","href":"https:\/\/api.w.org\/{rel}","templated":true}]}}