{"id":14014,"date":"2020-03-24T10:51:34","date_gmt":"2020-03-24T09:51:34","guid":{"rendered":"https:\/\/hohenzollernhotel.de\/?page_id=14014"},"modified":"2020-03-24T10:51:34","modified_gmt":"2020-03-24T09:51:34","slug":"location","status":"publish","type":"page","link":"https:\/\/hohenzollernhotel.de\/en\/location\/","title":{"rendered":"Location"},"content":{"rendered":"<div class=\"wpb-content-wrapper\"><p>[vc_row heading_color=\u201cprimary\u20112\u201d padding_top_multiplier=\u201c4x\u201d padding_bottom_multiplier=\u201c4x\u201d columns_gap=\u201c60\u201d font_color=\u201c#0067a7\u201d][vc_column width=\u201c1\/6\u201d][\/vc_column][vc_column width=\u201c2\/3\u201d][vc_column_text animation=\u201cgrve-fade-in-down\u201d animation_delay=\u201c250\u201d]<img decoding=\"async\" class=\"size-full wp-image-82 aligncenter lazyload\" role=\"img\" data-src=\"https:\/\/hohenzollernhotel.de\/wp-content\/uploads\/2019\/11\/Hotel-Hohenzollern-Signet-grau.svg\" alt width=\"120\" height=\"auto\" src=\"data:image\/svg+xml;base64,PHN2ZyB3aWR0aD0iMSIgaGVpZ2h0PSIxIiB4bWxucz0iaHR0cDovL3d3dy53My5vcmcvMjAwMC9zdmciPjwvc3ZnPg==\">[\/vc_column_text]<\/p><div class=\"grve-empty-space grve-height-2x\" style><\/div>[vc_column_text text_style=\u201cleader-text\u201d animation=\u201cgrve-fade-in-up\u201d]\n<p style=\"text-align: center;\">The Gallus dis\u00adtrict has long been a melting pot of many dif\u00adferent cul\u00adtures, which are wel\u00adcomed as an enrichment to the area. Creative pro\u00adfes\u00adsionals, people in their mid-thirties and stu\u00addents are dis\u00adco\u00advering this neigh\u00adbourhood as a place to&nbsp;live.<\/p>\n<p>[\/vc_column_text]<\/p><div class=\"grve-empty-space grve-height-3x\" style><\/div>[vc_row_inner][vc_column_inner width=\u201c1\/2\u201d][vc_column_text animation=\u201cgrve-fade-in-up\u201d animation_delay=\u201c400\u201d]The new Euro\u00adpa\u00adviertel is part of the Gallus dis\u00adtrict. Since 2005, enough space has been created here to accom\u00admodate offices, hotels, apart\u00adments, parks, shopping faci\u00adlities and even a school. As Frankfurt\u2019s popu\u00adlation grows, the Euro\u00adpa\u00adviertel fills a gap that was left by the main goods station \u2013 creating a great mixture of life, work and leisure.\n<p>The Hotel Hohen\u00adzollern offices are located at the right tip of the Gallus dis\u00adtrict, bor\u00addering Frankfurt\u2019s city centre, the old town and the Westend. With the central station so close by, any daily needs are easily satisfied: burgers, sushi, kebabs or fine dining \u2013 it\u2019s all within walking distance. Dry cleaners, drug stores, pharmacies?<br>\nYou name it.[\/vc_column_text][\/vc_column_inner][vc_column_inner width=\u201c1\/2\u201d][vc_column_text animation=\u201cgrve-fade-in-up\u201d animation_delay=\u201c400\u201d]The traffic junction at the central station makes it easy to get around \u2013 S\u2011Bahn and U\u2011Bahn trains, trams, buses and long-distance trains are all within reach. And the nearby motorway junction Frankfurt West also makes for a con\u00adve\u00adnient car ride.[\/vc_column_text][\/vc_column_inner][\/vc_row_inner][\/vc_column][vc_column width=\u201c1\/6\u201d][\/vc_column][\/vc_row][vc_row margin_bottom=\u201d-15%\u201d][vc_column]<\/p><div class=\"grve-element grve-image grve-align-center\" style>  <div class=\"grve-image-wrapper\"><img decoding=\"async\" width=\"1500\" height=\"1000\" data-src=\"https:\/\/hohenzollernhotel.de\/wp-content\/uploads\/2019\/11\/jan-philipp-thiele-405797-unsplash.jpg\" class=\"attachment-full size-full lazyload\" alt data-srcset=\"https:\/\/hohenzollernhotel.de\/wp-content\/uploads\/2019\/11\/jan-philipp-thiele-405797-unsplash.jpg 1x,https:\/\/hohenzollernhotel.de\/wp-content\/uploads\/2019\/11\/jan-philipp-thiele-405797-unsplash@2x.jpg 2x\" src=\"data:image\/svg+xml;base64,PHN2ZyB3aWR0aD0iMSIgaGVpZ2h0PSIxIiB4bWxucz0iaHR0cDovL3d3dy53My5vcmcvMjAwMC9zdmciPjwvc3ZnPg==\" style=\"--smush-placeholder-width: 1500px; --smush-placeholder-aspect-ratio: 1500\/1000;\">   <\/div><\/div>[\/vc_column][\/vc_row][vc_row heading_color=\u201clight\u201d bg_type=\u201ccolor\u201d padding_top_multiplier=\u201c6x\u201d padding_bottom_multiplier=\u201c6x\u201d bg_color=\u201c#171d24\u201d font_color=\u201d#ffffff\u201d][vc_column width=\u201c1\/6\u201d][\/vc_column][vc_column width=\u201c2\/3\u201d]<div class=\"grve-empty-space grve-height-6x\" style><\/div><h3 class=\"grve-element grve-title grve-align-center grve-animated-item grve-duration-normal grve-fade-in-up grve-h3\" style data-delay=\"150\"><span>WHY THE&nbsp;LOCATION<br>\nMATTERS<\/span><\/h3><div class=\"grve-element grve-divider grve-animated-item grve-fade-in-up grve-duration-normal grve-align-center\" style=\"padding-top: 5%;padding-bottom: 10%;\" data-delay=\"350\"><span class=\"grve-custom-divider grve-bg-white\" style=\"width: 100px;height: 1px;\"><\/span><\/div>[vc_column_text text_style=\u201cleader-text\u201d animation=\u201cgrve-fade-in-up\u201d]\n<p style=\"text-align: center;\">The area around the Hohen\u00adzollern Office is bustling with&nbsp;life.<\/p>\n<p>[\/vc_column_text]<\/p><div class=\"grve-empty-space grve-height-3x\" style><\/div>[vc_row_inner][vc_column_inner width=\u201c1\/2\u201d][vc_column_text animation=\u201cgrve-fade-in-up\u201d animation_delay=\u201c400\u201d]The trade fair grounds and the \u2018Fest\u00adhalle\u2019 arena are very close by, and right behind the railway station dis\u00adtrict we find Willy-Brandt-Platz with the opera house, the \u2018Schau\u00adspiel Frankfurt\u2019 theatre company and the English Theatre. To relax and unwind, you can stroll through the bota\u00adnical garden \u2018Pal\u00admen\u00adgarten\u2019, or head to West\u00adhafen for a walk along the River Main and a perfect view of the skyline.\n<p>Frankfurt\u2019s \u2018Muse\u00adumsufer\u2019 fea\u00adtures a fasci\u00adnating land\u00adscape of museums: the museums of film and archi\u00adtecture as well as the famous \u2018St\u00e4del\u2019 museum with its out\u00adstanding coll\u00adection offer plenty of entertainment.[\/vc_column_text][\/vc_column_inner][vc_column_inner width=\u201c1\/2\u201d][vc_column_text animation=\u201cgrve-fade-in-up\u201d animation_delay=\u201c400\u201d]The Westend, in con\u00adtrast, boasts ample green spaces and buil\u00addings from the Gr\u00fcn\u00adderzeit era.<\/p>\n<p>Don\u2019t miss out on a walk to the \u2018Druck\u00adwas\u00adserwerk\u2019 \u2013 the water\u00adworks offering stunning views of the River Main. Here you will dis\u00adcover the most beau\u00adtiful venue in a listed machine hall with a highly recom\u00admen\u00addable&nbsp;menu!<\/p>\n<p>[\/vc_column_text][\/vc_column_inner][\/vc_row_inner][\/vc_column][vc_column width=\u201c1\/6\u201d][\/vc_column][\/vc_row][vc_row heading_color=\u201clight\u201d bg_type=\u201ccolor\u201d padding_top_multiplier=\u201c2x\u201d padding_bottom_multiplier=\u201c6x\u201d columns_gap=\u201c60\u201d bg_color=\u201c#171d24\u201d font_color=\u201d#ffffff\u201d][vc_column css=\u201d.vc_custom_1573056451298{padding-right: 5% !important;padding-left: 5% !important;}\u201d][vc_column_text]<\/p><div id=\"image-map-pro-8189\"><\/div>[\/vc_column_text]<div class=\"grve-empty-space grve-height-3x\" style><\/div>[vc_row_inner][vc_column_inner width=\u201c1\/2\u201d]<h4 class=\"grve-element grve-title grve-align-left grve-animated-item grve-duration-normal grve-fade-in-up grve-h4\" style data-delay=\"150\"><span>Infra\u00adstructure<\/span><\/h4>[vc_column_text text_style=\u201cleader-text\u201d animation=\u201cgrve-fade-in-up\u201d animation_delay=\u201c400\u201d]1\u2003Central station<br>\n2 &nbsp; U\u2011Bahn station Willy-Brandt-Platz<br>\n3\u2003U\u2011Bahn station Festhalle\/Messe[\/vc_column_text]<div class=\"grve-empty-space grve-height-3x\" style><\/div>[\/vc_column_inner][vc_column_inner width=\u201c1\/2\u201d]<h4 class=\"grve-element grve-title grve-align-left grve-animated-item grve-duration-normal grve-fade-in-up grve-h4\" style data-delay=\"150\"><span>Cul\u00adtural &amp; Tourist<br>\nattractions<\/span><\/h4>[vc_column_text text_style=\u201cleader-text\u201d animation=\u201cgrve-fade-in-up\u201d animation_delay=\u201c400\u201d]4\u2003Oper Frankfurt opera&nbsp;house<br>\n5\u2003Sil\u00adberturm tower<br>\n6\u2003St\u00e4del Museum[\/vc_column_text][\/vc_column_inner][\/vc_row_inner]<div class=\"grve-empty-space grve-height-1x\" style><\/div>[vc_row_inner][vc_column_inner width=\u201c1\/2\u201d]<h4 class=\"grve-element grve-title grve-align-left grve-animated-item grve-duration-normal grve-fade-in-up grve-h4\" style data-delay=\"150\"><span>Restau\u00adrants<\/span><\/h4>[vc_column_text text_style=\u201cleader-text\u201d animation=\u201cgrve-fade-in-up\u201d animation_delay=\u201c400\u201d]7\u2003Der fette&nbsp;Bulle<br>\n8\u2003Kai\u00adserzeit organic bakery<br>\n9\u2003Im Herzen Afrikas<br>\n10&nbsp; Yokyok<br>\n11&nbsp; &nbsp;Plank Caf\u00e9-Bar Studio<br>\n12&nbsp; Dean &amp;&nbsp;David<br>\n13&nbsp; Sap\u00f4res S\u00e0ig\u00f2n Street Food[\/vc_column_text]<div class=\"grve-empty-space grve-height-3x\" style><\/div>[\/vc_column_inner][vc_column_inner width=\u201c1\/2\u201d]<h4 class=\"grve-element grve-title grve-align-left grve-animated-item grve-duration-normal grve-fade-in-up grve-h4\" style data-delay=\"150\"><span>Shopping<\/span><\/h4>[vc_column_text text_style=\u201cleader-text\u201d animation=\u201cgrve-fade-in-up\u201d animation_delay=\u201c400\u201d]14\u2003Skyline Plaza shopping mall[\/vc_column_text][\/vc_column_inner][\/vc_row_inner][\/vc_column][\/vc_row]\n<\/div>","protected":false},"excerpt":{"rendered":"<p>[vc_row heading_color=\u201cprimary\u20112\u201d padding_top_multiplier=\u201c4x\u201d padding_bottom_multiplier=\u201c4x\u201d columns_gap=\u201c60\u201d font_color=\u201c#0067a7\u201d][vc_column width=\u201c1\/6\u201d][\/vc_column][vc_column width=\u201c2\/3\u201d][vc_column_text animation=\u201cgrve-fade-in-down\u201d animation_delay=\u201c250\u201d][\/vc_column_text][vc_column_text text_style=\u201cleader-text\u201d animation=\u201cgrve-fade-in-up\u201d] The Gallus dis\u00adtrict has long been a melting pot of many dif\u00adferent cul\u00adtures, which are wel\u00adcomed as an enrichment to the area. Creative pro\u00adfes\u00adsionals, people in their mid-thirties and stu\u00addents are dis\u00adco\u00advering this neigh\u00adbourhood as a place to&nbsp;live. [\/vc_column_text][vc_row_inner][vc_column_inner width=\u201c1\/2\u201d][vc_column_text animation=\u201cgrve-fade-in-up\u201d animation_delay=\u201c400\u201d]The new&nbsp;[\u2026]<\/p>\n","protected":false},"author":1,"featured_media":0,"parent":0,"menu_order":0,"comment_status":"closed","ping_status":"closed","template":"","meta":{"wp_typography_post_enhancements_disabled":false,"footnotes":""},"class_list":["post-14014","page","type-page","status-publish","hentry"],"yoast_head":"<!-- This site is optimized with the Yoast SEO plugin v26.7 - https:\/\/yoast.com\/wordpress\/plugins\/seo\/ -->\n<title>Location - Hotel Hohenzollern<\/title>\n<meta name=\"robots\" content=\"index, follow, max-snippet:-1, max-image-preview:large, max-video-preview:-1\" \/>\n<link rel=\"canonical\" href=\"https:\/\/hohenzollernhotel.de\/en\/location\/\" \/>\n<meta property=\"og:locale\" content=\"en_US\" \/>\n<meta property=\"og:type\" content=\"article\" \/>\n<meta property=\"og:title\" content=\"Location - Hotel Hohenzollern\" \/>\n<meta property=\"og:description\" content=\"[vc_row heading_color=\u201cprimary\u20112\u201d padding_top_multiplier=\u201c4x\u201d padding_bottom_multiplier=\u201c4x\u201d columns_gap=\u201c60\u201d font_color=\u201c#0067a7\u201d][vc_column width=\u201c1\/6\u201d][\/vc_column][vc_column width=\u201c2\/3\u201d][vc_column_text animation=\u201cgrve-fade-in-down\u201d animation_delay=\u201c250\u201d][\/vc_column_text][vc_column_text text_style=\u201cleader-text\u201d animation=\u201cgrve-fade-in-up\u201d] The Gallus dis\u00adtrict has long been a melting pot of many dif\u00adferent cul\u00adtures, which are wel\u00adcomed as an enrichment to the area. Creative pro\u00adfes\u00adsionals, people in their mid-thirties and stu\u00addents are dis\u00adco\u00advering this neigh\u00adbourhood as a place to&nbsp;live. [\/vc_column_text][vc_row_inner][vc_column_inner width=\u201c1\/2\u201d][vc_column_text animation=\u201cgrve-fade-in-up\u201d animation_delay=\u201c400\u201d]The new [&hellip;]\" \/>\n<meta property=\"og:url\" content=\"https:\/\/hohenzollernhotel.de\/en\/location\/\" \/>\n<meta property=\"og:site_name\" content=\"Hotel Hohenzollern\" \/>\n<meta property=\"og:image\" content=\"https:\/\/hohenzollernhotel.de\/wp-content\/uploads\/2019\/11\/Hotel-Hohenzollern-Signet-grau.svg\" \/>\n<meta name=\"twitter:card\" content=\"summary_large_image\" \/>\n<meta name=\"twitter:label1\" content=\"Est. reading time\" \/>\n\t<meta name=\"twitter:data1\" content=\"4 minutes\" \/>\n<script type=\"application\/ld+json\" class=\"yoast-schema-graph\">{\"@context\":\"https:\/\/schema.org\",\"@graph\":[{\"@type\":\"WebPage\",\"@id\":\"https:\/\/hohenzollernhotel.de\/en\/location\/\",\"url\":\"https:\/\/hohenzollernhotel.de\/en\/location\/\",\"name\":\"Location - Hotel Hohenzollern\",\"isPartOf\":{\"@id\":\"https:\/\/hohenzollernhotel.de\/#website\"},\"primaryImageOfPage\":{\"@id\":\"https:\/\/hohenzollernhotel.de\/en\/location\/#primaryimage\"},\"image\":{\"@id\":\"https:\/\/hohenzollernhotel.de\/en\/location\/#primaryimage\"},\"thumbnailUrl\":\"https:\/\/hohenzollernhotel.de\/wp-content\/uploads\/2019\/11\/Hotel-Hohenzollern-Signet-grau.svg\",\"datePublished\":\"2020-03-24T09:51:34+00:00\",\"breadcrumb\":{\"@id\":\"https:\/\/hohenzollernhotel.de\/en\/location\/#breadcrumb\"},\"inLanguage\":\"en-US\",\"potentialAction\":[{\"@type\":\"ReadAction\",\"target\":[\"https:\/\/hohenzollernhotel.de\/en\/location\/\"]}]},{\"@type\":\"ImageObject\",\"inLanguage\":\"en-US\",\"@id\":\"https:\/\/hohenzollernhotel.de\/en\/location\/#primaryimage\",\"url\":\"https:\/\/hohenzollernhotel.de\/wp-content\/uploads\/2019\/11\/Hotel-Hohenzollern-Signet-grau.svg\",\"contentUrl\":\"https:\/\/hohenzollernhotel.de\/wp-content\/uploads\/2019\/11\/Hotel-Hohenzollern-Signet-grau.svg\"},{\"@type\":\"BreadcrumbList\",\"@id\":\"https:\/\/hohenzollernhotel.de\/en\/location\/#breadcrumb\",\"itemListElement\":[{\"@type\":\"ListItem\",\"position\":1,\"name\":\"Startseite\",\"item\":\"https:\/\/hohenzollernhotel.de\/en\/\"},{\"@type\":\"ListItem\",\"position\":2,\"name\":\"Location\"}]},{\"@type\":\"WebSite\",\"@id\":\"https:\/\/hohenzollernhotel.de\/#website\",\"url\":\"https:\/\/hohenzollernhotel.de\/\",\"name\":\"Hotel Hohenzollern\",\"description\":\"Office Building \u2013 Frankfurt am Main\",\"publisher\":{\"@id\":\"https:\/\/hohenzollernhotel.de\/#organization\"},\"potentialAction\":[{\"@type\":\"SearchAction\",\"target\":{\"@type\":\"EntryPoint\",\"urlTemplate\":\"https:\/\/hohenzollernhotel.de\/?s={search_term_string}\"},\"query-input\":{\"@type\":\"PropertyValueSpecification\",\"valueRequired\":true,\"valueName\":\"search_term_string\"}}],\"inLanguage\":\"en-US\"},{\"@type\":\"Organization\",\"@id\":\"https:\/\/hohenzollernhotel.de\/#organization\",\"name\":\"Hotel Hohenzollern\",\"url\":\"https:\/\/hohenzollernhotel.de\/\",\"logo\":{\"@type\":\"ImageObject\",\"inLanguage\":\"en-US\",\"@id\":\"https:\/\/hohenzollernhotel.de\/#\/schema\/logo\/image\/\",\"url\":\"https:\/\/hohenzollernhotel.de\/wp-content\/uploads\/2019\/11\/191111-Hotel-Hohenzollern-Logo-Sticky-Header-dark_angepasste_Hoehe.svg\",\"contentUrl\":\"https:\/\/hohenzollernhotel.de\/wp-content\/uploads\/2019\/11\/191111-Hotel-Hohenzollern-Logo-Sticky-Header-dark_angepasste_Hoehe.svg\",\"width\":554,\"height\":275,\"caption\":\"Hotel Hohenzollern\"},\"image\":{\"@id\":\"https:\/\/hohenzollernhotel.de\/#\/schema\/logo\/image\/\"}}]}<\/script>\n<!-- \/ Yoast SEO plugin. -->","yoast_head_json":{"title":"Location - Hotel Hohenzollern","robots":{"index":"index","follow":"follow","max-snippet":"max-snippet:-1","max-image-preview":"max-image-preview:large","max-video-preview":"max-video-preview:-1"},"canonical":"https:\/\/hohenzollernhotel.de\/en\/location\/","og_locale":"en_US","og_type":"article","og_title":"Location - Hotel Hohenzollern","og_description":"[vc_row heading_color=\u201cprimary\u20112\u201d padding_top_multiplier=\u201c4x\u201d padding_bottom_multiplier=\u201c4x\u201d columns_gap=\u201c60\u201d font_color=\u201c#0067a7\u201d][vc_column width=\u201c1\/6\u201d][\/vc_column][vc_column width=\u201c2\/3\u201d][vc_column_text animation=\u201cgrve-fade-in-down\u201d animation_delay=\u201c250\u201d][\/vc_column_text][vc_column_text text_style=\u201cleader-text\u201d animation=\u201cgrve-fade-in-up\u201d] The Gallus dis\u00adtrict has long been a melting pot of many dif\u00adferent cul\u00adtures, which are wel\u00adcomed as an enrichment to the area. Creative pro\u00adfes\u00adsionals, people in their mid-thirties and stu\u00addents are dis\u00adco\u00advering this neigh\u00adbourhood as a place to&nbsp;live. [\/vc_column_text][vc_row_inner][vc_column_inner width=\u201c1\/2\u201d][vc_column_text animation=\u201cgrve-fade-in-up\u201d animation_delay=\u201c400\u201d]The new [&hellip;]","og_url":"https:\/\/hohenzollernhotel.de\/en\/location\/","og_site_name":"Hotel Hohenzollern","og_image":[{"url":"https:\/\/hohenzollernhotel.de\/wp-content\/uploads\/2019\/11\/Hotel-Hohenzollern-Signet-grau.svg","type":"","width":"","height":""}],"twitter_card":"summary_large_image","twitter_misc":{"Est. reading time":"4 minutes"},"schema":{"@context":"https:\/\/schema.org","@graph":[{"@type":"WebPage","@id":"https:\/\/hohenzollernhotel.de\/en\/location\/","url":"https:\/\/hohenzollernhotel.de\/en\/location\/","name":"Location - Hotel Hohenzollern","isPartOf":{"@id":"https:\/\/hohenzollernhotel.de\/#website"},"primaryImageOfPage":{"@id":"https:\/\/hohenzollernhotel.de\/en\/location\/#primaryimage"},"image":{"@id":"https:\/\/hohenzollernhotel.de\/en\/location\/#primaryimage"},"thumbnailUrl":"https:\/\/hohenzollernhotel.de\/wp-content\/uploads\/2019\/11\/Hotel-Hohenzollern-Signet-grau.svg","datePublished":"2020-03-24T09:51:34+00:00","breadcrumb":{"@id":"https:\/\/hohenzollernhotel.de\/en\/location\/#breadcrumb"},"inLanguage":"en-US","potentialAction":[{"@type":"ReadAction","target":["https:\/\/hohenzollernhotel.de\/en\/location\/"]}]},{"@type":"ImageObject","inLanguage":"en-US","@id":"https:\/\/hohenzollernhotel.de\/en\/location\/#primaryimage","url":"https:\/\/hohenzollernhotel.de\/wp-content\/uploads\/2019\/11\/Hotel-Hohenzollern-Signet-grau.svg","contentUrl":"https:\/\/hohenzollernhotel.de\/wp-content\/uploads\/2019\/11\/Hotel-Hohenzollern-Signet-grau.svg"},{"@type":"BreadcrumbList","@id":"https:\/\/hohenzollernhotel.de\/en\/location\/#breadcrumb","itemListElement":[{"@type":"ListItem","position":1,"name":"Startseite","item":"https:\/\/hohenzollernhotel.de\/en\/"},{"@type":"ListItem","position":2,"name":"Location"}]},{"@type":"WebSite","@id":"https:\/\/hohenzollernhotel.de\/#website","url":"https:\/\/hohenzollernhotel.de\/","name":"Hotel Hohenzollern","description":"Office Building \u2013 Frankfurt am Main","publisher":{"@id":"https:\/\/hohenzollernhotel.de\/#organization"},"potentialAction":[{"@type":"SearchAction","target":{"@type":"EntryPoint","urlTemplate":"https:\/\/hohenzollernhotel.de\/?s={search_term_string}"},"query-input":{"@type":"PropertyValueSpecification","valueRequired":true,"valueName":"search_term_string"}}],"inLanguage":"en-US"},{"@type":"Organization","@id":"https:\/\/hohenzollernhotel.de\/#organization","name":"Hotel Hohenzollern","url":"https:\/\/hohenzollernhotel.de\/","logo":{"@type":"ImageObject","inLanguage":"en-US","@id":"https:\/\/hohenzollernhotel.de\/#\/schema\/logo\/image\/","url":"https:\/\/hohenzollernhotel.de\/wp-content\/uploads\/2019\/11\/191111-Hotel-Hohenzollern-Logo-Sticky-Header-dark_angepasste_Hoehe.svg","contentUrl":"https:\/\/hohenzollernhotel.de\/wp-content\/uploads\/2019\/11\/191111-Hotel-Hohenzollern-Logo-Sticky-Header-dark_angepasste_Hoehe.svg","width":554,"height":275,"caption":"Hotel Hohenzollern"},"image":{"@id":"https:\/\/hohenzollernhotel.de\/#\/schema\/logo\/image\/"}}]}},"_links":{"self":[{"href":"https:\/\/hohenzollernhotel.de\/en\/wp-json\/wp\/v2\/pages\/14014","targetHints":{"allow":["GET"]}}],"collection":[{"href":"https:\/\/hohenzollernhotel.de\/en\/wp-json\/wp\/v2\/pages"}],"about":[{"href":"https:\/\/hohenzollernhotel.de\/en\/wp-json\/wp\/v2\/types\/page"}],"author":[{"embeddable":true,"href":"https:\/\/hohenzollernhotel.de\/en\/wp-json\/wp\/v2\/users\/1"}],"replies":[{"embeddable":true,"href":"https:\/\/hohenzollernhotel.de\/en\/wp-json\/wp\/v2\/comments?post=14014"}],"version-history":[{"count":7,"href":"https:\/\/hohenzollernhotel.de\/en\/wp-json\/wp\/v2\/pages\/14014\/revisions"}],"predecessor-version":[{"id":14021,"href":"https:\/\/hohenzollernhotel.de\/en\/wp-json\/wp\/v2\/pages\/14014\/revisions\/14021"}],"wp:attachment":[{"href":"https:\/\/hohenzollernhotel.de\/en\/wp-json\/wp\/v2\/media?parent=14014"}],"curies":[{"name":"wp","href":"https:\/\/api.w.org\/{rel}","templated":true}]}}